{"id":127,"date":"2024-12-08T18:51:39","date_gmt":"2024-12-08T18:51:39","guid":{"rendered":"https:\/\/www.atsc14.fr\/?page_id=127"},"modified":"2025-11-27T12:08:33","modified_gmt":"2025-11-27T12:08:33","slug":"tarifs-2024-2025","status":"publish","type":"page","link":"https:\/\/www.atsc14.fr\/?page_id=127","title":{"rendered":"Tarifs 2025-2026"},"content":{"rendered":"\n<div class=\"wp-block-group is-nowrap is-layout-flex wp-container-core-group-is-layout-6c531013 wp-block-group-is-layout-flex\">\n<div class=\"wp-block-group is-vertical is-layout-flex wp-container-core-group-is-layout-fe9cc265 wp-block-group-is-layout-flex\">\n<p><\/p>\n\n\n\n<h2 class=\"wp-block-heading\">Licences<\/h2>\n\n\n\n<p>Un certificat m\u00e9dical valide est obligatoire pour toute <br>demande de licence.<br>Les licences ont cours du 1er septembre au 31 ao\u00fbt.<\/p>\n\n\n\n<div class=\"wp-block-group is-nowrap is-layout-flex wp-container-core-group-is-layout-6c531013 wp-block-group-is-layout-flex\">\n<figure class=\"wp-block-table\"><table class=\"has-fixed-layout\"><tbody><tr><td>Licence adulte<\/td><td>165\u20ac<\/td><\/tr><tr><td>Licence jeune<br>(pas de droit d&rsquo;entr\u00e9e)<\/td><td>90\u20ac<\/td><\/tr><tr><td>Droit d&rsquo;entr\u00e9e<\/td><td>100\u20ac<\/td><\/tr><tr><td>Second club + droit d&rsquo;entr\u00e9e<\/td><td>190\u20ac<\/td><\/tr><tr><td>Carnet de tir<\/td><td>5\u20ac<\/td><\/tr><tr><td>Clef \u00e9lectronique du pas de tir<\/td><td>13\u20ac<\/td><\/tr><tr><td>Acc\u00e8s pas de tir<\/td><td>5\u20ac<\/td><\/tr><tr><td>Badge<\/td><td>2\u20ac<\/td><\/tr><\/tbody><\/table><\/figure>\n<\/div>\n\n\n\n<p>Le badge est obligatoire pour les adh\u00e9rents et les invit\u00e9s.<br>Toute personne p\u00e9n\u00e9trant sur le pas de tir sans droit d&rsquo;entr\u00e9e doit s&rsquo;acquitter du droit d&rsquo;acc\u00e8s \u00e0 5\u20ac.<\/p>\n\n\n\n<p><\/p>\n\n\n\n<h2 class=\"wp-block-heading\">Location des armes et munitions<\/h2>\n\n\n\n<figure class=\"wp-block-table\"><table class=\"has-fixed-layout\"><tbody><tr><td>Location 22 LR pour<br>adh\u00e9rent avec cible<\/td><td>15\u20ac<\/td><\/tr><tr><td>Bo\u00eete de munitions 22 LR<\/td><td>10\u20ac<\/td><\/tr><tr><td>Location .38 pour<br>adh\u00e9rent avec cible<\/td><td>28\u20ac<\/td><\/tr><tr><td>Bo\u00eete de munitions .38 Sp\u00e9cial<\/td><td>25\u20ac<\/td><\/tr><tr><td>Location 9 mm pour<br>adh\u00e9rent avec cible<\/td><td>25\u20ac<\/td><\/tr><tr><td>Bo\u00eete de munitions 9 mm<\/td><td>18\u20ac<\/td><\/tr><tr><td>Location 45 ACP pour<br>adh\u00e9rent avec cible<\/td><td>35\u20ac<\/td><\/tr><tr><td>Bo\u00eete de munitions 45 ACP<\/td><td>32\u20ac<\/td><\/tr><tr><td>Grande cible<\/td><td>0,80\u20ac<\/td><\/tr><tr><td>Petite cible de 50m, par 2<\/td><td>0,80\u20ac<\/td><\/tr><tr><td>Tir d\u00e9couverte : <br>&#8211; acc\u00e8s au pas de tir<br>&#8211; cible<br>&#8211; armes 22 LR<br>&#8211; instructeur<\/td><td>40\u20ac<\/td><\/tr><tr><td>Bo\u00eete de pastilles<\/td><td>7\u20ac<\/td><\/tr><\/tbody><\/table><\/figure>\n\n\n\n<p><\/p>\n<\/div>\n\n\n\n<div style=\"height:100px;width:0px\" aria-hidden=\"true\" class=\"wp-block-spacer wp-container-content-6388d5dc\"><\/div>\n<\/div>\n","protected":false},"excerpt":{"rendered":"<p>Licences Un certificat m\u00e9dical valide est obligatoire pour toute demande de licence.Les licences ont cours du 1er septembre au 31 ao\u00fbt. Licence adulte 165\u20ac Licence jeune(pas de droit d&rsquo;entr\u00e9e) 90\u20ac Droit d&rsquo;entr\u00e9e 100\u20ac Second club + droit d&rsquo;entr\u00e9e 190\u20ac Carnet de tir 5\u20ac Clef \u00e9lectronique du pas de tir 13\u20ac Acc\u00e8s pas de tir 5\u20ac [&hellip;]<\/p>\n","protected":false},"author":1,"featured_media":0,"parent":0,"menu_order":0,"comment_status":"closed","ping_status":"closed","template":"","meta":{"footnotes":""},"class_list":["post-127","page","type-page","status-publish","hentry"],"_links":{"self":[{"href":"https:\/\/www.atsc14.fr\/index.php?rest_route=\/wp\/v2\/pages\/127","targetHints":{"allow":["GET"]}}],"collection":[{"href":"https:\/\/www.atsc14.fr\/index.php?rest_route=\/wp\/v2\/pages"}],"about":[{"href":"https:\/\/www.atsc14.fr\/index.php?rest_route=\/wp\/v2\/types\/page"}],"author":[{"embeddable":true,"href":"https:\/\/www.atsc14.fr\/index.php?rest_route=\/wp\/v2\/users\/1"}],"replies":[{"embeddable":true,"href":"https:\/\/www.atsc14.fr\/index.php?rest_route=%2Fwp%2Fv2%2Fcomments&post=127"}],"version-history":[{"count":15,"href":"https:\/\/www.atsc14.fr\/index.php?rest_route=\/wp\/v2\/pages\/127\/revisions"}],"predecessor-version":[{"id":244,"href":"https:\/\/www.atsc14.fr\/index.php?rest_route=\/wp\/v2\/pages\/127\/revisions\/244"}],"wp:attachment":[{"href":"https:\/\/www.atsc14.fr\/index.php?rest_route=%2Fwp%2Fv2%2Fmedia&parent=127"}],"curies":[{"name":"wp","href":"https:\/\/api.w.org\/{rel}","templated":true}]}}