{"id":158,"date":"2024-12-20T14:53:20","date_gmt":"2024-12-20T14:53:20","guid":{"rendered":"https:\/\/www.atsc14.fr\/?page_id=158"},"modified":"2024-12-20T14:53:38","modified_gmt":"2024-12-20T14:53:38","slug":"contact","status":"publish","type":"page","link":"https:\/\/www.atsc14.fr\/?page_id=158","title":{"rendered":"Nous contacter"},"content":{"rendered":"\n<p>Adresse : Route de Fleury, 14320 Saint-Andr\u00e9-sur-Orne<\/p>\n\n\n\n<p>Adresse mail : atsc14@free.fr<\/p>\n\n\n\n<p>T\u00e9l\u00e9phone : +33 2 31 83 81 29<\/p>\n\n\n\n<figure class=\"wp-block-image size-large\"><img loading=\"lazy\" decoding=\"async\" width=\"1024\" height=\"473\" src=\"https:\/\/www.atsc14.fr\/wp-content\/uploads\/2024\/12\/20241010_131515_resized-1024x473.jpg\" alt=\"\" class=\"wp-image-118\" srcset=\"https:\/\/www.atsc14.fr\/wp-content\/uploads\/2024\/12\/20241010_131515_resized-1024x473.jpg 1024w, https:\/\/www.atsc14.fr\/wp-content\/uploads\/2024\/12\/20241010_131515_resized-300x139.jpg 300w, https:\/\/www.atsc14.fr\/wp-content\/uploads\/2024\/12\/20241010_131515_resized-768x355.jpg 768w, https:\/\/www.atsc14.fr\/wp-content\/uploads\/2024\/12\/20241010_131515_resized-1536x710.jpg 1536w, https:\/\/www.atsc14.fr\/wp-content\/uploads\/2024\/12\/20241010_131515_resized.jpg 2000w\" sizes=\"auto, (max-width: 1024px) 100vw, 1024px\" \/><\/figure>\n","protected":false},"excerpt":{"rendered":"<p>Adresse : Route de Fleury, 14320 Saint-Andr\u00e9-sur-Orne Adresse mail : atsc14@free.fr T\u00e9l\u00e9phone : +33 2 31 83 81 29<\/p>\n","protected":false},"author":1,"featured_media":0,"parent":0,"menu_order":0,"comment_status":"closed","ping_status":"closed","template":"","meta":{"footnotes":""},"class_list":["post-158","page","type-page","status-publish","hentry"],"_links":{"self":[{"href":"https:\/\/www.atsc14.fr\/index.php?rest_route=\/wp\/v2\/pages\/158","targetHints":{"allow":["GET"]}}],"collection":[{"href":"https:\/\/www.atsc14.fr\/index.php?rest_route=\/wp\/v2\/pages"}],"about":[{"href":"https:\/\/www.atsc14.fr\/index.php?rest_route=\/wp\/v2\/types\/page"}],"author":[{"embeddable":true,"href":"https:\/\/www.atsc14.fr\/index.php?rest_route=\/wp\/v2\/users\/1"}],"replies":[{"embeddable":true,"href":"https:\/\/www.atsc14.fr\/index.php?rest_route=%2Fwp%2Fv2%2Fcomments&post=158"}],"version-history":[{"count":3,"href":"https:\/\/www.atsc14.fr\/index.php?rest_route=\/wp\/v2\/pages\/158\/revisions"}],"predecessor-version":[{"id":161,"href":"https:\/\/www.atsc14.fr\/index.php?rest_route=\/wp\/v2\/pages\/158\/revisions\/161"}],"wp:attachment":[{"href":"https:\/\/www.atsc14.fr\/index.php?rest_route=%2Fwp%2Fv2%2Fmedia&parent=158"}],"curies":[{"name":"wp","href":"https:\/\/api.w.org\/{rel}","templated":true}]}}