{"id":21,"date":"2024-12-16T11:33:51","date_gmt":"2024-12-16T11:33:51","guid":{"rendered":"https:\/\/www.atsc14.fr\/?page_id=21"},"modified":"2025-11-27T12:00:58","modified_gmt":"2025-11-27T12:00:58","slug":"accueil","status":"publish","type":"page","link":"https:\/\/www.atsc14.fr\/","title":{"rendered":"Accueil"},"content":{"rendered":"\n<h2 class=\"wp-block-heading\" style=\"font-size:clamp(27.894px, 1.743rem + ((1vw - 3.2px) * 1.971), 48px);font-style:normal;font-weight:200;text-transform:none\">Bienvenue sur le site de l&rsquo;ATSC<\/h2>\n\n\n\n<figure class=\"wp-block-image aligncenter size-full is-resized\"><img loading=\"lazy\" decoding=\"async\" width=\"217\" height=\"218\" src=\"https:\/\/www.atsc14.fr\/wp-content\/uploads\/2024\/11\/Logo.png\" alt=\"\" class=\"wp-image-11\" style=\"width:212px;height:auto\" srcset=\"https:\/\/www.atsc14.fr\/wp-content\/uploads\/2024\/11\/Logo.png 217w, https:\/\/www.atsc14.fr\/wp-content\/uploads\/2024\/11\/Logo-150x150.png 150w\" sizes=\"auto, (max-width: 217px) 100vw, 217px\" \/><\/figure>\n\n\n\n<div style=\"height:100px\" aria-hidden=\"true\" class=\"wp-block-spacer\"><\/div>\n\n\n\n<p class=\"has-text-align-center is-style-text-subtitle is-style-text-subtitle--1\">Horaires<\/p>\n\n\n\n<p class=\"has-text-align-left\">Lundi &#8211; Ferm\u00e9<br>Mardi &#8211; 10h \u00e0 12h ; 14h \u00e0 17h<br>Mercredi &#8211; Ferm\u00e9<br>Jeudi &#8211; Ferm\u00e9<br>Vendredi &#8211; Ferm\u00e9<br>Samedi &#8211; 10h \u00e0 12h ; 14h \u00e0 17h<br>Dimanche &#8211; 10h \u00e0 12h<\/p>\n\n\n\n<div style=\"height:100px\" aria-hidden=\"true\" class=\"wp-block-spacer\"><\/div>\n\n\n\n<p class=\"has-text-align-center is-style-text-subtitle is-style-text-subtitle--2\">La vie du club<\/p>\n\n\n\n<p>Situ\u00e9 \u00e0 Saint-Andr\u00e9-sur-Orne, le club se compose de deux <br>pas de tirs, dont un d\u00e9di\u00e9 \u00e0 la carabine. <br>Nous comptons parmi nous plus de 300 licenci\u00e9s.<\/p>\n\n\n\n<figure class=\"wp-block-gallery has-nested-images columns-default is-cropped wp-block-gallery-3 is-layout-flex wp-block-gallery-is-layout-flex\">\n<figure class=\"wp-block-image size-large\"><img loading=\"lazy\" decoding=\"async\" width=\"1024\" height=\"665\" data-id=\"47\" src=\"https:\/\/www.atsc14.fr\/wp-content\/uploads\/2024\/11\/pasdetir11-2-1024x665.jpg\" alt=\"\" class=\"wp-image-47\" srcset=\"https:\/\/www.atsc14.fr\/wp-content\/uploads\/2024\/11\/pasdetir11-2-1024x665.jpg 1024w, https:\/\/www.atsc14.fr\/wp-content\/uploads\/2024\/11\/pasdetir11-2-300x195.jpg 300w, https:\/\/www.atsc14.fr\/wp-content\/uploads\/2024\/11\/pasdetir11-2-768x499.jpg 768w, https:\/\/www.atsc14.fr\/wp-content\/uploads\/2024\/11\/pasdetir11-2-1536x997.jpg 1536w, https:\/\/www.atsc14.fr\/wp-content\/uploads\/2024\/11\/pasdetir11-2-2048x1329.jpg 2048w\" sizes=\"auto, (max-width: 1024px) 100vw, 1024px\" \/><\/figure>\n\n\n\n<figure class=\"wp-block-image size-large\"><img loading=\"lazy\" decoding=\"async\" width=\"1024\" height=\"473\" data-id=\"44\" src=\"https:\/\/www.atsc14.fr\/wp-content\/uploads\/2024\/11\/20240926_142348_resized-1-1024x473.jpg\" alt=\"\" class=\"wp-image-44\" srcset=\"https:\/\/www.atsc14.fr\/wp-content\/uploads\/2024\/11\/20240926_142348_resized-1-1024x473.jpg 1024w, https:\/\/www.atsc14.fr\/wp-content\/uploads\/2024\/11\/20240926_142348_resized-1-300x139.jpg 300w, https:\/\/www.atsc14.fr\/wp-content\/uploads\/2024\/11\/20240926_142348_resized-1-768x355.jpg 768w, https:\/\/www.atsc14.fr\/wp-content\/uploads\/2024\/11\/20240926_142348_resized-1-1536x710.jpg 1536w, https:\/\/www.atsc14.fr\/wp-content\/uploads\/2024\/11\/20240926_142348_resized-1.jpg 2000w\" sizes=\"auto, (max-width: 1024px) 100vw, 1024px\" \/><\/figure>\n\n\n\n<figure class=\"wp-block-image size-large\"><img loading=\"lazy\" decoding=\"async\" width=\"1024\" height=\"768\" data-id=\"45\" src=\"https:\/\/www.atsc14.fr\/wp-content\/uploads\/2024\/11\/IMG_20240912_124220-1-1024x768.jpg\" alt=\"\" class=\"wp-image-45\" srcset=\"https:\/\/www.atsc14.fr\/wp-content\/uploads\/2024\/11\/IMG_20240912_124220-1-1024x768.jpg 1024w, https:\/\/www.atsc14.fr\/wp-content\/uploads\/2024\/11\/IMG_20240912_124220-1-300x225.jpg 300w, https:\/\/www.atsc14.fr\/wp-content\/uploads\/2024\/11\/IMG_20240912_124220-1-768x576.jpg 768w, https:\/\/www.atsc14.fr\/wp-content\/uploads\/2024\/11\/IMG_20240912_124220-1-1536x1152.jpg 1536w, https:\/\/www.atsc14.fr\/wp-content\/uploads\/2024\/11\/IMG_20240912_124220-1.jpg 1600w\" sizes=\"auto, (max-width: 1024px) 100vw, 1024px\" \/><\/figure>\n<\/figure>\n\n\n\n<div style=\"height:63px\" aria-hidden=\"true\" class=\"wp-block-spacer\"><\/div>\n\n\n\n<h2 class=\"wp-block-heading has-text-align-center\">Armurerie Froment<\/h2>\n\n\n\n<p>Pour vos achats de munitions et d&rsquo;armes, nous vous invitons \u00e0 vous procurer aupr\u00e8s de l&rsquo;armurerie Froment, situ\u00e9e 5 Place du 36e R\u00e9giment d&rsquo;Infanterie, 14000 Caen.<\/p>\n\n\n\n<figure class=\"wp-block-image size-full is-resized\"><img loading=\"lazy\" decoding=\"async\" width=\"610\" height=\"458\" src=\"https:\/\/www.atsc14.fr\/wp-content\/uploads\/2024\/12\/Armurerie-Froment.jpg\" alt=\"\" class=\"wp-image-139\" style=\"width:645px;height:auto\" srcset=\"https:\/\/www.atsc14.fr\/wp-content\/uploads\/2024\/12\/Armurerie-Froment.jpg 610w, https:\/\/www.atsc14.fr\/wp-content\/uploads\/2024\/12\/Armurerie-Froment-300x225.jpg 300w\" sizes=\"auto, (max-width: 610px) 100vw, 610px\" \/><\/figure>\n\n\n\n<p>Site : <a href=\"https:\/\/www.armurerie-froment.com\/\">https:\/\/www.armurerie-froment.com\/<\/a><\/p>\n\n\n\n<div style=\"height:100px\" aria-hidden=\"true\" class=\"wp-block-spacer\"><\/div>\n\n\n\n<h2 class=\"wp-block-heading\">Organigramme du conseil d&rsquo;administration<\/h2>\n\n\n\n<figure class=\"wp-block-image size-full\"><img loading=\"lazy\" decoding=\"async\" width=\"2560\" height=\"1810\" src=\"https:\/\/www.atsc14.fr\/wp-content\/uploads\/2025\/11\/Organigramme-CA-2025-2026-scaled.png\" alt=\"\" class=\"wp-image-236\" srcset=\"https:\/\/www.atsc14.fr\/wp-content\/uploads\/2025\/11\/Organigramme-CA-2025-2026-scaled.png 2560w, https:\/\/www.atsc14.fr\/wp-content\/uploads\/2025\/11\/Organigramme-CA-2025-2026-300x212.png 300w, https:\/\/www.atsc14.fr\/wp-content\/uploads\/2025\/11\/Organigramme-CA-2025-2026-1024x724.png 1024w, https:\/\/www.atsc14.fr\/wp-content\/uploads\/2025\/11\/Organigramme-CA-2025-2026-768x543.png 768w, https:\/\/www.atsc14.fr\/wp-content\/uploads\/2025\/11\/Organigramme-CA-2025-2026-1536x1086.png 1536w, https:\/\/www.atsc14.fr\/wp-content\/uploads\/2025\/11\/Organigramme-CA-2025-2026-2048x1448.png 2048w\" sizes=\"auto, (max-width: 2560px) 100vw, 2560px\" \/><\/figure>\n\n\n\n<h2 class=\"wp-block-heading has-text-align-center\">Membres du bureau<\/h2>\n\n\n\n<figure class=\"wp-block-image size-full\"><img loading=\"lazy\" decoding=\"async\" width=\"2560\" height=\"1810\" src=\"https:\/\/www.atsc14.fr\/wp-content\/uploads\/2025\/11\/Organigramme-CA-2025-20262-scaled.png\" alt=\"\" class=\"wp-image-235\" srcset=\"https:\/\/www.atsc14.fr\/wp-content\/uploads\/2025\/11\/Organigramme-CA-2025-20262-scaled.png 2560w, https:\/\/www.atsc14.fr\/wp-content\/uploads\/2025\/11\/Organigramme-CA-2025-20262-300x212.png 300w, https:\/\/www.atsc14.fr\/wp-content\/uploads\/2025\/11\/Organigramme-CA-2025-20262-1024x724.png 1024w, https:\/\/www.atsc14.fr\/wp-content\/uploads\/2025\/11\/Organigramme-CA-2025-20262-768x543.png 768w, https:\/\/www.atsc14.fr\/wp-content\/uploads\/2025\/11\/Organigramme-CA-2025-20262-1536x1086.png 1536w, https:\/\/www.atsc14.fr\/wp-content\/uploads\/2025\/11\/Organigramme-CA-2025-20262-2048x1448.png 2048w\" sizes=\"auto, (max-width: 2560px) 100vw, 2560px\" \/><\/figure>\n\n\n\n<h2 class=\"wp-block-heading has-text-align-center\">Membres actifs<\/h2>\n\n\n\n<figure class=\"wp-block-image size-full\"><img loading=\"lazy\" decoding=\"async\" width=\"2560\" height=\"1810\" src=\"https:\/\/www.atsc14.fr\/wp-content\/uploads\/2025\/11\/Organigramme-CA-2025-20263-scaled.png\" alt=\"\" class=\"wp-image-234\" srcset=\"https:\/\/www.atsc14.fr\/wp-content\/uploads\/2025\/11\/Organigramme-CA-2025-20263-scaled.png 2560w, https:\/\/www.atsc14.fr\/wp-content\/uploads\/2025\/11\/Organigramme-CA-2025-20263-300x212.png 300w, https:\/\/www.atsc14.fr\/wp-content\/uploads\/2025\/11\/Organigramme-CA-2025-20263-1024x724.png 1024w, https:\/\/www.atsc14.fr\/wp-content\/uploads\/2025\/11\/Organigramme-CA-2025-20263-768x543.png 768w, https:\/\/www.atsc14.fr\/wp-content\/uploads\/2025\/11\/Organigramme-CA-2025-20263-1536x1086.png 1536w, https:\/\/www.atsc14.fr\/wp-content\/uploads\/2025\/11\/Organigramme-CA-2025-20263-2048x1448.png 2048w\" sizes=\"auto, (max-width: 2560px) 100vw, 2560px\" \/><\/figure>\n\n\n\n<div style=\"height:100px\" aria-hidden=\"true\" class=\"wp-block-spacer\"><\/div>\n\n\n\n<h2 class=\"wp-block-heading has-text-align-center\">O\u00f9 se situe le club<\/h2>\n\n\n\n<figure class=\"wp-block-image size-large\"><img loading=\"lazy\" decoding=\"async\" width=\"1024\" height=\"744\" src=\"https:\/\/www.atsc14.fr\/wp-content\/uploads\/2024\/11\/Capture-decran-2024-11-30-a-18.37.45-1024x744.png\" alt=\"\" class=\"wp-image-49\" srcset=\"https:\/\/www.atsc14.fr\/wp-content\/uploads\/2024\/11\/Capture-decran-2024-11-30-a-18.37.45-1024x744.png 1024w, https:\/\/www.atsc14.fr\/wp-content\/uploads\/2024\/11\/Capture-decran-2024-11-30-a-18.37.45-300x218.png 300w, https:\/\/www.atsc14.fr\/wp-content\/uploads\/2024\/11\/Capture-decran-2024-11-30-a-18.37.45-768x558.png 768w, https:\/\/www.atsc14.fr\/wp-content\/uploads\/2024\/11\/Capture-decran-2024-11-30-a-18.37.45-1536x1116.png 1536w, https:\/\/www.atsc14.fr\/wp-content\/uploads\/2024\/11\/Capture-decran-2024-11-30-a-18.37.45-2048x1488.png 2048w\" sizes=\"auto, (max-width: 1024px) 100vw, 1024px\" \/><\/figure>\n\n\n\n<p>Notre club est situ\u00e9 \u00e0 Route de Fleury, <br>14320 Saint-Andr\u00e9-sur-Orne.<\/p>\n","protected":false},"excerpt":{"rendered":"<p>Bienvenue sur le site de l&rsquo;ATSC Horaires Lundi &#8211; Ferm\u00e9Mardi &#8211; 10h \u00e0 12h ; 14h \u00e0 17hMercredi &#8211; Ferm\u00e9Jeudi &#8211; Ferm\u00e9Vendredi &#8211; Ferm\u00e9Samedi &#8211; 10h \u00e0 12h ; 14h \u00e0 17hDimanche &#8211; 10h \u00e0 12h La vie du club Situ\u00e9 \u00e0 Saint-Andr\u00e9-sur-Orne, le club se compose de deux pas de tirs, dont un d\u00e9di\u00e9 [&hellip;]<\/p>\n","protected":false},"author":1,"featured_media":0,"parent":0,"menu_order":0,"comment_status":"closed","ping_status":"closed","template":"","meta":{"footnotes":""},"class_list":["post-21","page","type-page","status-publish","hentry"],"_links":{"self":[{"href":"https:\/\/www.atsc14.fr\/index.php?rest_route=\/wp\/v2\/pages\/21","targetHints":{"allow":["GET"]}}],"collection":[{"href":"https:\/\/www.atsc14.fr\/index.php?rest_route=\/wp\/v2\/pages"}],"about":[{"href":"https:\/\/www.atsc14.fr\/index.php?rest_route=\/wp\/v2\/types\/page"}],"author":[{"embeddable":true,"href":"https:\/\/www.atsc14.fr\/index.php?rest_route=\/wp\/v2\/users\/1"}],"replies":[{"embeddable":true,"href":"https:\/\/www.atsc14.fr\/index.php?rest_route=%2Fwp%2Fv2%2Fcomments&post=21"}],"version-history":[{"count":33,"href":"https:\/\/www.atsc14.fr\/index.php?rest_route=\/wp\/v2\/pages\/21\/revisions"}],"predecessor-version":[{"id":238,"href":"https:\/\/www.atsc14.fr\/index.php?rest_route=\/wp\/v2\/pages\/21\/revisions\/238"}],"wp:attachment":[{"href":"https:\/\/www.atsc14.fr\/index.php?rest_route=%2Fwp%2Fv2%2Fmedia&parent=21"}],"curies":[{"name":"wp","href":"https:\/\/api.w.org\/{rel}","templated":true}]}}